{"id":358,"date":"2024-03-29T17:26:48","date_gmt":"2024-03-29T17:26:48","guid":{"rendered":"https:\/\/2r14-design.com\/?page_id=358"},"modified":"2024-03-30T09:28:44","modified_gmt":"2024-03-30T09:28:44","slug":"mentions-legales","status":"publish","type":"page","link":"https:\/\/2r14-design.com\/en\/mentions-legales\/","title":{"rendered":"Mentions l\u00e9gales"},"content":{"rendered":"<h2 class=\"wp-block-heading\"><strong>Propri\u00e9taire du site Internet :<\/strong><\/h2>\n\n\n\n<p>2R14 Design, 1 chemin des pierres plant\u00e9es 69620 Val d&rsquo;Oingt<br>Num\u00e9ro SIRET : 88057362100013<br>Forme juridique : Auto entreprise<\/p>\n\n\n\n<h2 class=\"wp-block-heading\"><strong>Loi informatique et libert\u00e9 :<\/strong><\/h2>\n\n\n\n<p>Conform\u00e9ment \u00e0 la loi du 6 janvier 1978 relative \u00e0 l\u2019informatique, aux fichiers et aux libert\u00e9s, nous vous informons que vous disposez d\u2019un droit d\u2019acc\u00e8s, de modification, de rectification et de suppression des donn\u00e9es qui vous concernent. H\u00e9bergement du site Internet : IONOS SARL \u2013 7 Pl. de la Gare, 57200 Sarreguemines<\/p>\n\n\n\n<h2 class=\"wp-block-heading\"><strong>Formulaires :<\/strong><\/h2>\n\n\n\n<p>Les informations recueillies par le biais des formulaires ne seront pas divulgu\u00e9es \u00e0 des personnes autre que celles composant notre \u00e9tablissement. Certaines de ces informations contenues dans le formulaire sont facultatives, d\u2019autres obligatoires et clairement indiqu\u00e9es comme telles afin que vos r\u00e9ponses soient suffisantes pour nous permettre de traiter l\u2019information.<\/p>\n\n\n\n<h2 class=\"wp-block-heading\"><strong>Droit d\u2019acc\u00e8s<\/strong>&nbsp;<strong>:<\/strong><\/h2>\n\n\n\n<p>Les listes de diffusion de 2R14 Design sont absolument confidentielles. Si votre E-mail y figure, il ne sera en aucun cas communiqu\u00e9 \u00e0 des tiers. Vous avez, \u00e0 tout moment, la possibilit\u00e9 de modifier votre E-mail ou de le d\u00e9sactiver si vous souhaitez ne plus figurer dans ce fichier. Pour valider l\u2019une de ces rectifications, vous pouvez nous contacter. \u00e0 l\u2019adresse e-mail suivante : contact@2r14-design.com<br><\/p>","protected":false},"excerpt":{"rendered":"<p>Propri\u00e9taire du site Internet : 2R14 Design, 1 chemin des pierres plant\u00e9es 69620 Val d&rsquo;OingtNum\u00e9ro SIRET : 88057362100013Forme juridique : Auto entreprise Loi informatique et libert\u00e9 : Conform\u00e9ment \u00e0 la loi du 6 janvier 1978 relative \u00e0 l\u2019informatique, aux fichiers et aux libert\u00e9s, nous vous informons que vous disposez d\u2019un droit d\u2019acc\u00e8s, de modification, de&#8230;<\/p>","protected":false},"author":1,"featured_media":0,"parent":0,"menu_order":0,"comment_status":"closed","ping_status":"closed","template":"","meta":{"_kad_blocks_custom_css":"","_kad_blocks_head_custom_js":"","_kad_blocks_body_custom_js":"","_kad_blocks_footer_custom_js":"","_kad_post_transparent":"disable","_kad_post_title":"hide","_kad_post_layout":"narrow","_kad_post_sidebar_id":"","_kad_post_content_style":"unboxed","_kad_post_vertical_padding":"","_kad_post_feature":"hide","_kad_post_feature_position":"","_kad_post_header":false,"_kad_post_footer":false,"_kad_post_classname":"","footnotes":""},"class_list":["post-358","page","type-page","status-publish","hentry"],"yoast_head":"<!-- This site is optimized with the Yoast SEO plugin v27.4 - https:\/\/yoast.com\/product\/yoast-seo-wordpress\/ -->\n<title>Mentions l\u00e9gales - 2R14Design<\/title>\n<meta name=\"robots\" content=\"index, follow, max-snippet:-1, max-image-preview:large, max-video-preview:-1\" \/>\n<link rel=\"canonical\" href=\"https:\/\/2r14-design.com\/en\/mentions-legales\/\" \/>\n<meta property=\"og:locale\" content=\"en_US\" \/>\n<meta property=\"og:type\" content=\"article\" \/>\n<meta property=\"og:title\" content=\"Mentions l\u00e9gales - 2R14Design\" \/>\n<meta property=\"og:description\" content=\"Propri\u00e9taire du site Internet : 2R14 Design, 1 chemin des pierres plant\u00e9es 69620 Val d&rsquo;OingtNum\u00e9ro SIRET : 88057362100013Forme juridique : Auto entreprise Loi informatique et libert\u00e9 : Conform\u00e9ment \u00e0 la loi du 6 janvier 1978 relative \u00e0 l\u2019informatique, aux fichiers et aux libert\u00e9s, nous vous informons que vous disposez d\u2019un droit d\u2019acc\u00e8s, de modification, de...\" \/>\n<meta property=\"og:url\" content=\"https:\/\/2r14-design.com\/en\/mentions-legales\/\" \/>\n<meta property=\"og:site_name\" content=\"2R14Design\" \/>\n<meta property=\"article:publisher\" content=\"https:\/\/www.facebook.com\/2R14DESIGN\" \/>\n<meta property=\"article:modified_time\" content=\"2024-03-30T09:28:44+00:00\" \/>\n<meta name=\"twitter:card\" content=\"summary_large_image\" \/>\n<meta name=\"twitter:label1\" content=\"Est. reading time\" \/>\n\t<meta name=\"twitter:data1\" content=\"1 minute\" \/>\n<script type=\"application\/ld+json\" class=\"yoast-schema-graph\">{\"@context\":\"https:\\\/\\\/schema.org\",\"@graph\":[{\"@type\":\"WebPage\",\"@id\":\"https:\\\/\\\/2r14-design.com\\\/mentions-legales\\\/\",\"url\":\"https:\\\/\\\/2r14-design.com\\\/mentions-legales\\\/\",\"name\":\"Mentions l\u00e9gales - 2R14Design\",\"isPartOf\":{\"@id\":\"https:\\\/\\\/2r14-design.com\\\/#website\"},\"datePublished\":\"2024-03-29T17:26:48+00:00\",\"dateModified\":\"2024-03-30T09:28:44+00:00\",\"breadcrumb\":{\"@id\":\"https:\\\/\\\/2r14-design.com\\\/mentions-legales\\\/#breadcrumb\"},\"inLanguage\":\"en-US\",\"potentialAction\":[{\"@type\":\"ReadAction\",\"target\":[\"https:\\\/\\\/2r14-design.com\\\/mentions-legales\\\/\"]}]},{\"@type\":\"BreadcrumbList\",\"@id\":\"https:\\\/\\\/2r14-design.com\\\/mentions-legales\\\/#breadcrumb\",\"itemListElement\":[{\"@type\":\"ListItem\",\"position\":1,\"name\":\"Accueil\",\"item\":\"https:\\\/\\\/2r14-design.com\\\/\"},{\"@type\":\"ListItem\",\"position\":2,\"name\":\"Mentions l\u00e9gales\"}]},{\"@type\":\"WebSite\",\"@id\":\"https:\\\/\\\/2r14-design.com\\\/#website\",\"url\":\"https:\\\/\\\/2r14-design.com\\\/\",\"name\":\"2R14Design\",\"description\":\"\",\"publisher\":{\"@id\":\"https:\\\/\\\/2r14-design.com\\\/#organization\"},\"potentialAction\":[{\"@type\":\"SearchAction\",\"target\":{\"@type\":\"EntryPoint\",\"urlTemplate\":\"https:\\\/\\\/2r14-design.com\\\/?s={search_term_string}\"},\"query-input\":{\"@type\":\"PropertyValueSpecification\",\"valueRequired\":true,\"valueName\":\"search_term_string\"}}],\"inLanguage\":\"en-US\"},{\"@type\":\"Organization\",\"@id\":\"https:\\\/\\\/2r14-design.com\\\/#organization\",\"name\":\"2R14Design\",\"url\":\"https:\\\/\\\/2r14-design.com\\\/\",\"logo\":{\"@type\":\"ImageObject\",\"inLanguage\":\"en-US\",\"@id\":\"https:\\\/\\\/2r14-design.com\\\/#\\\/schema\\\/logo\\\/image\\\/\",\"url\":\"https:\\\/\\\/2r14-design.com\\\/wp-content\\\/uploads\\\/2024\\\/02\\\/cropped-2R14-LOGO.png\",\"contentUrl\":\"https:\\\/\\\/2r14-design.com\\\/wp-content\\\/uploads\\\/2024\\\/02\\\/cropped-2R14-LOGO.png\",\"width\":3829,\"height\":1338,\"caption\":\"2R14Design\"},\"image\":{\"@id\":\"https:\\\/\\\/2r14-design.com\\\/#\\\/schema\\\/logo\\\/image\\\/\"},\"sameAs\":[\"https:\\\/\\\/www.facebook.com\\\/2R14DESIGN\",\"https:\\\/\\\/www.instagram.com\\\/2r14_design\\\/\",\"https:\\\/\\\/www.pinterest.fr\\\/pin\\\/499688521155418938\\\/\",\"https:\\\/\\\/fr.linkedin.com\\\/company\\\/2r14-design\"]}]}<\/script>\n<!-- \/ Yoast SEO plugin. -->","yoast_head_json":{"title":"Mentions l\u00e9gales - 2R14Design","robots":{"index":"index","follow":"follow","max-snippet":"max-snippet:-1","max-image-preview":"max-image-preview:large","max-video-preview":"max-video-preview:-1"},"canonical":"https:\/\/2r14-design.com\/en\/mentions-legales\/","og_locale":"en_US","og_type":"article","og_title":"Mentions l\u00e9gales - 2R14Design","og_description":"Propri\u00e9taire du site Internet : 2R14 Design, 1 chemin des pierres plant\u00e9es 69620 Val d&rsquo;OingtNum\u00e9ro SIRET : 88057362100013Forme juridique : Auto entreprise Loi informatique et libert\u00e9 : Conform\u00e9ment \u00e0 la loi du 6 janvier 1978 relative \u00e0 l\u2019informatique, aux fichiers et aux libert\u00e9s, nous vous informons que vous disposez d\u2019un droit d\u2019acc\u00e8s, de modification, de...","og_url":"https:\/\/2r14-design.com\/en\/mentions-legales\/","og_site_name":"2R14Design","article_publisher":"https:\/\/www.facebook.com\/2R14DESIGN","article_modified_time":"2024-03-30T09:28:44+00:00","twitter_card":"summary_large_image","twitter_misc":{"Est. reading time":"1 minute"},"schema":{"@context":"https:\/\/schema.org","@graph":[{"@type":"WebPage","@id":"https:\/\/2r14-design.com\/mentions-legales\/","url":"https:\/\/2r14-design.com\/mentions-legales\/","name":"Mentions l\u00e9gales - 2R14Design","isPartOf":{"@id":"https:\/\/2r14-design.com\/#website"},"datePublished":"2024-03-29T17:26:48+00:00","dateModified":"2024-03-30T09:28:44+00:00","breadcrumb":{"@id":"https:\/\/2r14-design.com\/mentions-legales\/#breadcrumb"},"inLanguage":"en-US","potentialAction":[{"@type":"ReadAction","target":["https:\/\/2r14-design.com\/mentions-legales\/"]}]},{"@type":"BreadcrumbList","@id":"https:\/\/2r14-design.com\/mentions-legales\/#breadcrumb","itemListElement":[{"@type":"ListItem","position":1,"name":"Accueil","item":"https:\/\/2r14-design.com\/"},{"@type":"ListItem","position":2,"name":"Mentions l\u00e9gales"}]},{"@type":"WebSite","@id":"https:\/\/2r14-design.com\/#website","url":"https:\/\/2r14-design.com\/","name":"2R14Design","description":"","publisher":{"@id":"https:\/\/2r14-design.com\/#organization"},"potentialAction":[{"@type":"SearchAction","target":{"@type":"EntryPoint","urlTemplate":"https:\/\/2r14-design.com\/?s={search_term_string}"},"query-input":{"@type":"PropertyValueSpecification","valueRequired":true,"valueName":"search_term_string"}}],"inLanguage":"en-US"},{"@type":"Organization","@id":"https:\/\/2r14-design.com\/#organization","name":"2R14Design","url":"https:\/\/2r14-design.com\/","logo":{"@type":"ImageObject","inLanguage":"en-US","@id":"https:\/\/2r14-design.com\/#\/schema\/logo\/image\/","url":"https:\/\/2r14-design.com\/wp-content\/uploads\/2024\/02\/cropped-2R14-LOGO.png","contentUrl":"https:\/\/2r14-design.com\/wp-content\/uploads\/2024\/02\/cropped-2R14-LOGO.png","width":3829,"height":1338,"caption":"2R14Design"},"image":{"@id":"https:\/\/2r14-design.com\/#\/schema\/logo\/image\/"},"sameAs":["https:\/\/www.facebook.com\/2R14DESIGN","https:\/\/www.instagram.com\/2r14_design\/","https:\/\/www.pinterest.fr\/pin\/499688521155418938\/","https:\/\/fr.linkedin.com\/company\/2r14-design"]}]}},"taxonomy_info":[],"featured_image_src_large":false,"author_info":{"display_name":"2R14De_Admin","author_link":"https:\/\/2r14-design.com\/en\/author\/2r14de_admin\/"},"comment_info":0,"jetpack_sharing_enabled":true,"_links":{"self":[{"href":"https:\/\/2r14-design.com\/en\/wp-json\/wp\/v2\/pages\/358","targetHints":{"allow":["GET"]}}],"collection":[{"href":"https:\/\/2r14-design.com\/en\/wp-json\/wp\/v2\/pages"}],"about":[{"href":"https:\/\/2r14-design.com\/en\/wp-json\/wp\/v2\/types\/page"}],"author":[{"embeddable":true,"href":"https:\/\/2r14-design.com\/en\/wp-json\/wp\/v2\/users\/1"}],"replies":[{"embeddable":true,"href":"https:\/\/2r14-design.com\/en\/wp-json\/wp\/v2\/comments?post=358"}],"version-history":[{"count":3,"href":"https:\/\/2r14-design.com\/en\/wp-json\/wp\/v2\/pages\/358\/revisions"}],"predecessor-version":[{"id":390,"href":"https:\/\/2r14-design.com\/en\/wp-json\/wp\/v2\/pages\/358\/revisions\/390"}],"wp:attachment":[{"href":"https:\/\/2r14-design.com\/en\/wp-json\/wp\/v2\/media?parent=358"}],"curies":[{"name":"wp","href":"https:\/\/api.w.org\/{rel}","templated":true}]}}